{"id":42,"date":"2021-02-22T15:06:08","date_gmt":"2021-02-22T14:06:08","guid":{"rendered":"https:\/\/sk.stichler.info\/wordpress\/?page_id=42"},"modified":"2022-10-06T15:00:00","modified_gmt":"2022-10-06T13:00:00","slug":"impressum","status":"publish","type":"page","link":"https:\/\/schwabenkontor.com\/index.php\/impressum\/","title":{"rendered":"Impressum"},"content":{"rendered":"<p>Angaben gem. \u00a75 TMG sowie \u00a711a und 34f GewO<\/p>\n<p><strong>Schwabenkontor f\u00fcr Familienverm\u00f6gen GmbH<\/strong><\/p>\n<p>Vertreten durch: Steffen D\u00fcrr<\/p>\n<p>Manfred-W\u00f6rner-Stra\u00dfe 125, 73037 G\u00f6ppingen<\/p>\n<p>Telefon: 07161\/402320-0<\/p>\n<p>Telefax: 07161\/402320-9<\/p>\n<p>E-Mail: info@schwabenkontor.com<\/p>\n<p><strong>Registergericht:<\/strong> Amtsgericht Ulm HR B 733116<\/p>\n<p>USt-Ident-Nummer DE305014821<\/p>\n<p><strong>Vermittlerregister (http:\/\/www.vermittlerregister.info):<\/strong><\/p>\n<p>Register-Nr. D-F-175-ZSYM-93<\/p>\n<p>Erlaubnis nach \u00a7 34f Abs. 1 Nr. 1, 2 und 3 GewO,<\/p>\n<p><strong>Aufsichtsbeh\u00f6rde:<\/strong> IHK Region Stuttgart, J\u00e4gerstr. 30, 70174 Stuttgart<\/p>\n<p>Mitglied der Industrie- und Handelskammer IHK Region Stuttgart, J\u00e4gerstr. 30, 70174 Stuttgart<\/p>\n<p><strong>Berufsbezeichnung:<\/strong> Finanzanlagenvermittler nach \u00a7 34f Abs. 1 GewO; Bundesrepublik Deutschland<\/p>\n<p><strong>Berufsrechtliche Regelungen:<\/strong><\/p>\n<ul>\n<li>\u00a7 34f Gewerbeordnung<\/li>\n<li>FinVermV<\/li>\n<\/ul>\n<p>Die berufsrechtlichen Regelungen k\u00f6nnen \u00fcber die vom Bundesministerium der Justiz und von der juris GmbH betriebenen Homepage <a href=\"http:\/\/www.gesetze-im-internet.de\" target=\"_blank\" rel=\"noopener noreferrer\">www.gesetze-im-internet.de<\/a> eingesehen und abgerufen werden.<\/p>\n<p><strong>Bildnachweise \/ Quellenangaben \/ Urheberrechtsvermerke:<\/strong><\/p>\n<p>a.) Start: Alvov\u00a0\/\u00a0<a href=\"http:\/\/shutterstock.com\" target=\"_blank\" rel=\"noopener noreferrer\">Shutterstock.com<\/a><br \/>\nb.) Willkommen: Dmitry Polonskiy\u00a0\/\u00a0<a href=\"http:\/\/shutterstock.com\" target=\"_blank\" rel=\"noopener noreferrer\">Shutterstock.com<\/a><br \/>\nc.) Mandanten: Dudarev Mikhail\u00a0\/\u00a0<a href=\"http:\/\/shutterstock.com\" target=\"_blank\" rel=\"noopener noreferrer\">Shutterstock.com<\/a><br \/>\nd.) \u00dcber uns: Aleksey Dovgan\u00a0\/\u00a0<a href=\"http:\/\/shutterstock.com\" target=\"_blank\" rel=\"noopener noreferrer\">Shutterstock.com<\/a><br \/>\ne.) Leistungen: Miha Travnik\u00a0\/\u00a0<a href=\"http:\/\/shutterstock.com\" target=\"_blank\" rel=\"noopener noreferrer\">Shutterstock.com<\/a><br \/>\nf.) MehrWert \/ Kontakt: GaudiLab\u00a0\/\u00a0<a href=\"http:\/\/shutterstock.com\" target=\"_blank\" rel=\"noopener noreferrer\">Shutterstock.com<\/a><\/p>\n","protected":false},"excerpt":{"rendered":"<p>Angaben gem. \u00a75 TMG sowie \u00a711a und 34f GewO Schwabenkontor f\u00fcr Familienverm\u00f6gen GmbH Vertreten durch: Steffen D\u00fcrr Manfred-W\u00f6rner-Stra\u00dfe 125, 73037 G\u00f6ppingen Telefon: 07161\/402320-0 Telefax: 07161\/402320-9 E-Mail: info@schwabenkontor.com Registergericht: Amtsgericht Ulm HR B 733116 USt-Ident-Nummer DE305014821 Vermittlerregister (http:\/\/www.vermittlerregister.info): Register-Nr. D-F-175-ZSYM-93 Erlaubnis nach \u00a7 34f Abs. 1 Nr. 1, 2 und 3 GewO, Aufsichtsbeh\u00f6rde: IHK Region Stuttgart, [&hellip;]<\/p>\n","protected":false},"author":1,"featured_media":0,"parent":0,"menu_order":0,"comment_status":"closed","ping_status":"closed","template":"","meta":{"_et_pb_use_builder":"off","_et_pb_old_content":"Angaben gem. \u00a75 TMG sowie \u00a711a und 34f GewO\r\n\r\n<strong>Schwabenkontor f\u00fcr Familienverm\u00f6gen GmbH<\/strong>\r\n\r\nVertreten durch: Steffen D\u00fcrr\r\n\r\nManfred-W\u00f6rner-Stra\u00dfe 115, 73037 G\u00f6ppingen\r\n\r\nTelefon: 07161\/402320-0\r\n\r\nTelefax: 07161\/402320-9\r\n\r\nE-Mail: info@schwabenkontor.com\r\n\r\n<strong>Registergericht:<\/strong> Amtsgericht Ulm HR B 733116\r\n\r\nUSt-Ident-Nummer DE305014821\r\n\r\n<strong>Vermittlerregister (http:\/\/www.vermittlerregister.info):<\/strong>\r\n\r\nRegister-Nr. D-F-175-ZSYM-93\r\n\r\nErlaubnis nach \u00a7 34f Abs. 1 Nr. 1, 2 und 3 GewO,\r\n\r\n<strong>Aufsichtsbeh\u00f6rde:<\/strong> IHK Region Stuttgart, J\u00e4gerstr. 30, 70174 Stuttgart\r\n\r\nMitglied der Industrie- und Handelskammer IHK Region Stuttgart, J\u00e4gerstr. 30, 70174 Stuttgart\r\n\r\n<strong>Berufsbezeichnung:<\/strong> Finanzanlagenvermittler nach \u00a7 34f Abs. 1 GewO; Bundesrepublik Deutschland\r\n\r\n<strong>Berufsrechtliche Regelungen:<\/strong>\r\n<ul>\r\n \t<li>\u00a7 34f Gewerbeordnung<\/li>\r\n \t<li>FinVermV<\/li>\r\n<\/ul>\r\nDie berufsrechtlichen Regelungen k\u00f6nnen \u00fcber die vom Bundesministerium der Justiz und von der juris GmbH betriebenen Homepage <a href=\"http:\/\/www.gesetze-im-internet.de\" target=\"_blank\" rel=\"noopener noreferrer\">www.gesetze-im-internet.de<\/a> eingesehen und abgerufen werden.\r\n\r\n<strong>Bildnachweise \/ Quellenangaben \/ Urheberrechtsvermerke:<\/strong>\r\n\r\na.) Start: Alvov\u00a0\/\u00a0<a href=\"http:\/\/shutterstock.com\" target=\"_blank\" rel=\"noopener noreferrer\">Shutterstock.com<\/a>\r\nb.) Willkommen: Dmitry Polonskiy\u00a0\/\u00a0<a href=\"http:\/\/shutterstock.com\" target=\"_blank\" rel=\"noopener noreferrer\">Shutterstock.com<\/a>\r\nc.) Mandanten: Dudarev Mikhail\u00a0\/\u00a0<a href=\"http:\/\/shutterstock.com\" target=\"_blank\" rel=\"noopener noreferrer\">Shutterstock.com<\/a>\r\nd.) \u00dcber uns: Aleksey Dovgan\u00a0\/\u00a0<a href=\"http:\/\/shutterstock.com\" target=\"_blank\" rel=\"noopener noreferrer\">Shutterstock.com<\/a>\r\ne.) Leistungen: Miha Travnik\u00a0\/\u00a0<a href=\"http:\/\/shutterstock.com\" target=\"_blank\" rel=\"noopener noreferrer\">Shutterstock.com<\/a>\r\nf.) MehrWert \/ Kontakt: GaudiLab\u00a0\/\u00a0<a href=\"http:\/\/shutterstock.com\" target=\"_blank\" rel=\"noopener noreferrer\">Shutterstock.com<\/a>","_et_gb_content_width":"","footnotes":""},"class_list":["post-42","page","type-page","status-publish","hentry"],"_links":{"self":[{"href":"https:\/\/schwabenkontor.com\/index.php\/wp-json\/wp\/v2\/pages\/42","targetHints":{"allow":["GET"]}}],"collection":[{"href":"https:\/\/schwabenkontor.com\/index.php\/wp-json\/wp\/v2\/pages"}],"about":[{"href":"https:\/\/schwabenkontor.com\/index.php\/wp-json\/wp\/v2\/types\/page"}],"author":[{"embeddable":true,"href":"https:\/\/schwabenkontor.com\/index.php\/wp-json\/wp\/v2\/users\/1"}],"replies":[{"embeddable":true,"href":"https:\/\/schwabenkontor.com\/index.php\/wp-json\/wp\/v2\/comments?post=42"}],"version-history":[{"count":3,"href":"https:\/\/schwabenkontor.com\/index.php\/wp-json\/wp\/v2\/pages\/42\/revisions"}],"predecessor-version":[{"id":175,"href":"https:\/\/schwabenkontor.com\/index.php\/wp-json\/wp\/v2\/pages\/42\/revisions\/175"}],"wp:attachment":[{"href":"https:\/\/schwabenkontor.com\/index.php\/wp-json\/wp\/v2\/media?parent=42"}],"curies":[{"name":"wp","href":"https:\/\/api.w.org\/{rel}","templated":true}]}}